{"id":2,"date":"2023-12-15T16:16:05","date_gmt":"2023-12-15T15:16:05","guid":{"rendered":"http:\/\/sailingsolutions.de\/?page_id=2"},"modified":"2024-11-24T21:26:49","modified_gmt":"2024-11-24T20:26:49","slug":"home-sailing-solutions-quantum-sails-bw","status":"publish","type":"page","link":"https:\/\/sailingsolutions.de\/","title":{"rendered":"SAILING SOLUTIONS &#8211; QUANTUM SAILS BADEN-W\u00dcRTTEMBERG"},"content":{"rendered":"\n<div class=\"wp-block-cover has-parallax has-custom-content-position is-position-top-center\"><span aria-hidden=\"true\" class=\"wp-block-cover__background has-background-dim-40 has-background-dim\" style=\"background-color:#000000\"><\/span><div role=\"img\" class=\"wp-block-cover__image-background wp-image-235 has-parallax\" style=\"background-position:50% 50%;background-image:url(https:\/\/sailingsolutions.de\/wp-content\/uploads\/2023\/12\/DJI_0098.small_.jpg)\"><\/div><div class=\"wp-block-cover__inner-container is-layout-flow wp-block-cover-is-layout-flow\">\n<h3 class=\"wp-block-heading alignwide has-white-color has-text-color\" style=\"font-size:48px;line-height:1.2\">Sailing Solutions<\/h3>\n\n\n\n<h5 class=\"wp-block-heading has-text-align-left alignwide has-white-color has-text-color\" style=\"font-size:48px;line-height:1.2\">Quantum Sails BW<br><\/h5>\n\n\n\n<div class=\"wp-block-columns alignwide is-layout-flex wp-container-core-columns-layout-1 wp-block-columns-is-layout-flex\">\n<div class=\"wp-block-column is-layout-flow wp-block-column-is-layout-flow\" style=\"flex-basis:60%\">\n<p class=\"has-text-color\" style=\"color:#ffffff\">Sailing Solutions ist seit 2015 in Deutschland pr\u00e4sent und wurde im Jahr 2020 ein angeschlossenes Loft von Quantum Sails. Jetzt bekannt als Quantum Sails Baden-W\u00fcrttemberg, k\u00f6nnen wir hochwertige Leistungssegel anbieten und werden durch das globale Servicenetzwerk von Quantum unterst\u00fctzt. Das Loft bedient in erster Linie Kunden in Deutschland und anderen europ\u00e4ischen M\u00e4rkten, hat aber auch Kunden weltweit.<\/p>\n\n\n\n<div class=\"wp-block-buttons is-layout-flex wp-block-buttons-is-layout-flex\">\n<div class=\"wp-block-button\"><a class=\"wp-block-button__link wp-element-button\" href=\"https:\/\/sailingsolutions.de\/?page_id=16\" target=\"_blank\" rel=\"noreferrer noopener\">Kontakt<\/a><\/div>\n\n\n\n<div class=\"wp-block-button\"><a class=\"wp-block-button__link wp-element-button\" href=\"https:\/\/hoodsails.de\/webshop\/\" target=\"_blank\" rel=\"noreferrer noopener\">Webshop<\/a><\/div>\n<\/div>\n<\/div>\n\n\n\n<div class=\"wp-block-column is-layout-flow wp-block-column-is-layout-flow\"><\/div>\n<\/div>\n<\/div><\/div>\n\n\n\n<div class=\"wp-block-columns alignwide is-layout-flex wp-container-core-columns-layout-2 wp-block-columns-is-layout-flex\" style=\"margin-bottom:0\">\n<div class=\"wp-block-column has-ast-global-color-4-background-color has-text-color has-background has-link-color wp-elements-94c5fc531c2242693ffa039bb565c46b is-layout-flow wp-block-column-is-layout-flow\" style=\"color:#000000;padding-top:2em;padding-right:2em;padding-bottom:2em;padding-left:2em\">\n<h2 class=\"wp-block-heading has-text-align-center\" id=\"single\" style=\"font-size:40px\"><a href=\"https:\/\/sailingsolutions.de\/?page_id=209\" target=\"_blank\" rel=\"noopener\" title=\"\">Segel<\/a><\/h2>\n\n\n\n<p class=\"has-text-align-center has-normal-font-size\" style=\"line-height:1.5\">Quantum Sails <\/p>\n\n\n\n<hr class=\"wp-block-separator has-text-color has-css-opacity has-background is-style-wide\" style=\"background-color:#000000;color:#000000\"\/>\n\n\n\n<ul class=\"has-normal-font-size\">\n<li>Cruising-Segel<\/li>\n\n\n\n<li>Regatta-Segel<\/li>\n\n\n\n<li>One-Design-Segel<\/li>\n<\/ul>\n\n\n\n<figure class=\"wp-block-image size-full is-resized\"><a href=\"https:\/\/sailingsolutions.de\/?page_id=209\" target=\"_blank\" rel=\"noreferrer noopener\"><img loading=\"lazy\" decoding=\"async\" width=\"960\" height=\"960\" src=\"https:\/\/sailingsolutions.de\/wp-content\/uploads\/2023\/12\/QRacingJ2.jpeg\" alt=\"\" class=\"wp-image-52\" style=\"width:282px;height:auto\" srcset=\"https:\/\/sailingsolutions.de\/wp-content\/uploads\/2023\/12\/QRacingJ2.jpeg 960w, https:\/\/sailingsolutions.de\/wp-content\/uploads\/2023\/12\/QRacingJ2-300x300.jpeg 300w, https:\/\/sailingsolutions.de\/wp-content\/uploads\/2023\/12\/QRacingJ2-150x150.jpeg 150w, https:\/\/sailingsolutions.de\/wp-content\/uploads\/2023\/12\/QRacingJ2-768x768.jpeg 768w\" sizes=\"(max-width: 960px) 100vw, 960px\" \/><\/a><\/figure>\n\n\n\n<div class=\"wp-block-buttons alignfull is-horizontal is-content-justification-center is-layout-flex wp-container-core-buttons-layout-2 wp-block-buttons-is-layout-flex\">\n<div class=\"wp-block-button\"><a class=\"wp-block-button__link has-white-color has-text-color has-background no-border-radius wp-element-button\" href=\"https:\/\/sailingsolutions.de\/?page_id=209\" style=\"background-color:#000000\">Schnelle Segelanfrage<\/a><\/div>\n<\/div>\n<\/div>\n\n\n\n<div class=\"wp-block-column has-ast-global-color-4-background-color has-text-color has-background has-link-color wp-elements-b92b240a46bf614653458c3e2f8e018e is-layout-flow wp-block-column-is-layout-flow\" style=\"color:#000000;padding-top:2em;padding-right:2em;padding-bottom:2em;padding-left:2em\">\n<h2 class=\"wp-block-heading has-text-align-center\" id=\"family\" style=\"font-size:40px\">Service<\/h2>\n\n\n\n<p class=\"has-text-align-center has-normal-font-size\" style=\"line-height:1.5\">Dienstleistugen Umfassen<\/p>\n\n\n\n<hr class=\"wp-block-separator has-css-opacity is-style-wide\"\/>\n\n\n\n<ul class=\"has-normal-font-size\">\n<li>Segelreparaturen, \u00c4nderungen und recuts<\/li>\n\n\n\n<li> Pick up &amp; Drop-Off von Segel<\/li>\n\n\n\n<li> Persenning<\/li>\n\n\n\n<li>J\u00e4hrliche-Segel-Inspektion<\/li>\n\n\n\n<li>Laufendes- und stehendes Gut <\/li>\n\n\n\n<li>Reinigung und Impr\u00e4gnierung von Segeln und Persenninge<\/li>\n\n\n\n<li> Masttrimm und Riggservice<\/li>\n\n\n\n<li> Regatta-Optimierung des Bootes f\u00fcr ORC, PHRF, CIM und IRC<\/li>\n\n\n\n<li>Sail Design<\/li>\n<\/ul>\n\n\n\n<figure class=\"wp-block-image size-large\"><img loading=\"lazy\" decoding=\"async\" width=\"1024\" height=\"527\" src=\"https:\/\/sailingsolutions.de\/wp-content\/uploads\/2023\/12\/12-15kts-tra12-Runner-5.5-6.2-1024x527.jpg\" alt=\"\" class=\"wp-image-118\" srcset=\"https:\/\/sailingsolutions.de\/wp-content\/uploads\/2023\/12\/12-15kts-tra12-Runner-5.5-6.2-1024x527.jpg 1024w, https:\/\/sailingsolutions.de\/wp-content\/uploads\/2023\/12\/12-15kts-tra12-Runner-5.5-6.2-300x155.jpg 300w, https:\/\/sailingsolutions.de\/wp-content\/uploads\/2023\/12\/12-15kts-tra12-Runner-5.5-6.2-768x396.jpg 768w, https:\/\/sailingsolutions.de\/wp-content\/uploads\/2023\/12\/12-15kts-tra12-Runner-5.5-6.2.bmp 1095w\" sizes=\"(max-width: 1024px) 100vw, 1024px\" \/><\/figure>\n<\/div>\n\n\n\n<div class=\"wp-block-column has-ast-global-color-4-background-color has-text-color has-background has-link-color wp-elements-180c5644c05dfb3e60d4b57e8ef3f3c0 is-layout-flow wp-block-column-is-layout-flow\" style=\"color:#000000;padding-top:2em;padding-right:2em;padding-bottom:2em;padding-left:2em\">\n<h2 class=\"wp-block-heading has-text-align-center\" id=\"patron\" style=\"font-size:40px\"><a href=\"https:\/\/hoodsails.de\/webshop\/\" target=\"_blank\" rel=\"noopener\" title=\"\">Webshop<\/a><\/h2>\n\n\n\n<p class=\"has-text-align-center has-normal-font-size\">Bootszubeh\u00f6r<\/p>\n\n\n\n<hr class=\"wp-block-separator has-css-opacity is-style-wide\"\/>\n\n\n\n<ul class=\"has-normal-font-size\">\n<li>Elektronik  <\/li>\n\n\n\n<li>Quantum Collection<\/li>\n\n\n\n<li>Suzuki Au\u00dfenborder<\/li>\n\n\n\n<li>Rollsysteme<\/li>\n\n\n\n<li>Segelausr\u00fcstung<\/li>\n\n\n\n<li>One-Design-Segel<\/li>\n\n\n\n<li>Tauwerk<\/li>\n<\/ul>\n\n\n\n<figure class=\"wp-block-image size-large is-resized\"><a href=\"https:\/\/hoodsails.de\/webshop\/\"><img loading=\"lazy\" decoding=\"async\" width=\"1024\" height=\"711\" src=\"https:\/\/sailingsolutions.de\/wp-content\/uploads\/2023\/12\/Webshop-1024x711.jpg\" alt=\"\" class=\"wp-image-262\" style=\"width:281px;height:auto\" srcset=\"https:\/\/sailingsolutions.de\/wp-content\/uploads\/2023\/12\/Webshop-1024x711.jpg 1024w, https:\/\/sailingsolutions.de\/wp-content\/uploads\/2023\/12\/Webshop-300x208.jpg 300w, https:\/\/sailingsolutions.de\/wp-content\/uploads\/2023\/12\/Webshop-768x533.jpg 768w, https:\/\/sailingsolutions.de\/wp-content\/uploads\/2023\/12\/Webshop.jpg 1258w\" sizes=\"(max-width: 1024px) 100vw, 1024px\" \/><\/a><\/figure>\n\n\n\n<div class=\"wp-block-buttons alignfull is-horizontal is-content-justification-center is-layout-flex wp-container-core-buttons-layout-3 wp-block-buttons-is-layout-flex\">\n<div class=\"wp-block-button has-custom-width wp-block-button__width-100\"><a class=\"wp-block-button__link has-white-color has-text-color has-background no-border-radius wp-element-button\" href=\"https:\/\/hoodsails.de\/webshop\/\" style=\"background-color:#000000\" target=\"_blank\" rel=\"noreferrer noopener\">Zum Webshop<\/a><\/div>\n<\/div>\n<\/div>\n<\/div>\n","protected":false},"excerpt":{"rendered":"<p>Segel Quantum Sails Service Dienstleistugen Umfassen Webshop Bootszubeh\u00f6r<\/p>\n","protected":false},"author":1,"featured_media":0,"parent":0,"menu_order":0,"comment_status":"closed","ping_status":"closed","template":"","meta":{"_monsterinsights_skip_tracking":false,"_monsterinsights_sitenote_active":false,"_monsterinsights_sitenote_note":"","_monsterinsights_sitenote_category":0,"site-sidebar-layout":"default","site-content-layout":"","ast-site-content-layout":"","site-content-style":"default","site-sidebar-style":"default","ast-global-header-display":"","ast-banner-title-visibility":"","ast-main-header-display":"","ast-hfb-above-header-display":"","ast-hfb-below-header-display":"","ast-hfb-mobile-header-display":"","site-post-title":"disabled","ast-breadcrumbs-content":"","ast-featured-img":"","footer-sml-layout":"","theme-transparent-header-meta":"","adv-header-id-meta":"","stick-header-meta":"","header-above-stick-meta":"","header-main-stick-meta":"","header-below-stick-meta":"","astra-migrate-meta-layouts":"default","ast-page-background-enabled":"default","ast-page-background-meta":{"desktop":{"background-color":"var(--ast-global-color-4)","background-image":"","background-repeat":"repeat","background-position":"center center","background-size":"auto","background-attachment":"scroll","background-type":"","background-media":"","overlay-type":"","overlay-color":"","overlay-gradient":""},"tablet":{"background-color":"","background-image":"","background-repeat":"repeat","background-position":"center center","background-size":"auto","background-attachment":"scroll","background-type":"","background-media":"","overlay-type":"","overlay-color":"","overlay-gradient":""},"mobile":{"background-color":"","background-image":"","background-repeat":"repeat","background-position":"center center","background-size":"auto","background-attachment":"scroll","background-type":"","background-media":"","overlay-type":"","overlay-color":"","overlay-gradient":""}},"ast-content-background-meta":{"desktop":{"background-color":"var(--ast-global-color-5)","background-image":"","background-repeat":"repeat","background-position":"center center","background-size":"auto","background-attachment":"scroll","background-type":"","background-media":"","overlay-type":"","overlay-color":"","overlay-gradient":""},"tablet":{"background-color":"var(--ast-global-color-5)","background-image":"","background-repeat":"repeat","background-position":"center center","background-size":"auto","background-attachment":"scroll","background-type":"","background-media":"","overlay-type":"","overlay-color":"","overlay-gradient":""},"mobile":{"background-color":"var(--ast-global-color-5)","background-image":"","background-repeat":"repeat","background-position":"center center","background-size":"auto","background-attachment":"scroll","background-type":"","background-media":"","overlay-type":"","overlay-color":"","overlay-gradient":""}},"footnotes":""},"aioseo_notices":[],"_links":{"self":[{"href":"https:\/\/sailingsolutions.de\/index.php?rest_route=\/wp\/v2\/pages\/2"}],"collection":[{"href":"https:\/\/sailingsolutions.de\/index.php?rest_route=\/wp\/v2\/pages"}],"about":[{"href":"https:\/\/sailingsolutions.de\/index.php?rest_route=\/wp\/v2\/types\/page"}],"author":[{"embeddable":true,"href":"https:\/\/sailingsolutions.de\/index.php?rest_route=\/wp\/v2\/users\/1"}],"replies":[{"embeddable":true,"href":"https:\/\/sailingsolutions.de\/index.php?rest_route=%2Fwp%2Fv2%2Fcomments&post=2"}],"version-history":[{"count":40,"href":"https:\/\/sailingsolutions.de\/index.php?rest_route=\/wp\/v2\/pages\/2\/revisions"}],"predecessor-version":[{"id":282,"href":"https:\/\/sailingsolutions.de\/index.php?rest_route=\/wp\/v2\/pages\/2\/revisions\/282"}],"wp:attachment":[{"href":"https:\/\/sailingsolutions.de\/index.php?rest_route=%2Fwp%2Fv2%2Fmedia&parent=2"}],"curies":[{"name":"wp","href":"https:\/\/api.w.org\/{rel}","templated":true}]}}